{"id":1155,"date":"2023-08-30T15:37:16","date_gmt":"2023-08-30T19:37:16","guid":{"rendered":"https:\/\/herbasimple.com\/blog\/?page_id=1155"},"modified":"2024-12-10T09:24:32","modified_gmt":"2024-12-10T14:24:32","slug":"accueil","status":"publish","type":"page","link":"https:\/\/herbasimple.com\/blog\/","title":{"rendered":"Accueil"},"content":{"rendered":"\n<p><\/p>\n\n\n\n<p><\/p>\n","protected":false},"excerpt":{"rendered":"","protected":false},"author":2,"featured_media":1095,"parent":0,"menu_order":0,"comment_status":"closed","ping_status":"closed","template":"","meta":{"om_disable_all_campaigns":false,"pagelayer_contact_templates":[],"_pagelayer_content":"","_uag_custom_page_level_css":"","_exactmetrics_skip_tracking":false,"_exactmetrics_sitenote_active":false,"_exactmetrics_sitenote_note":"","_exactmetrics_sitenote_category":0,"footnotes":""},"class_list":["post-1155","page","type-page","status-publish","has-post-thumbnail","hentry"],"yoast_head":"<!-- This site is optimized with the Yoast SEO plugin v27.6 - https:\/\/yoast.com\/product\/yoast-seo-wordpress\/ -->\n<title>Accueil - Herbasimple<\/title>\n<meta name=\"description\" content=\"Page d&#039;accueil HerbaSimple, pour d\u00e9couvrir les secrets des plantes m\u00e9dicinales et les utiliser \u00e0 leur plein potentiel.\" \/>\n<meta name=\"robots\" content=\"index, follow, max-snippet:-1, max-image-preview:large, max-video-preview:-1\" \/>\n<link rel=\"canonical\" href=\"https:\/\/herbasimple.com\/blog\/\" \/>\n<meta property=\"og:locale\" content=\"fr_FR\" \/>\n<meta property=\"og:type\" content=\"article\" \/>\n<meta property=\"og:title\" content=\"Accueil - Herbasimple\" \/>\n<meta property=\"og:description\" content=\"Page d&#039;accueil HerbaSimple, pour d\u00e9couvrir les secrets des plantes m\u00e9dicinales et les utiliser \u00e0 leur plein potentiel.\" \/>\n<meta property=\"og:url\" content=\"https:\/\/herbasimple.com\/blog\/\" \/>\n<meta property=\"og:site_name\" content=\"Herbasimple\" \/>\n<meta property=\"article:publisher\" content=\"https:\/\/www.facebook.com\/HerbaSimple\/\" \/>\n<meta property=\"article:modified_time\" content=\"2024-12-10T14:24:32+00:00\" \/>\n<meta property=\"og:image\" content=\"https:\/\/herbasimple.com\/blog\/wp-content\/uploads\/2023\/08\/cropped-Herbasimple_333x250.png\" \/>\n\t<meta property=\"og:image:width\" content=\"1000\" \/>\n\t<meta property=\"og:image:height\" content=\"747\" \/>\n\t<meta property=\"og:image:type\" content=\"image\/png\" \/>\n<meta name=\"twitter:card\" content=\"summary_large_image\" \/>\n<script type=\"application\/ld+json\" class=\"yoast-schema-graph\">{\"@context\":\"https:\\\/\\\/schema.org\",\"@graph\":[{\"@type\":\"WebPage\",\"@id\":\"https:\\\/\\\/herbasimple.com\\\/blog\\\/\",\"url\":\"https:\\\/\\\/herbasimple.com\\\/blog\\\/\",\"name\":\"Accueil - Herbasimple\",\"isPartOf\":{\"@id\":\"https:\\\/\\\/herbasimple.com\\\/blog\\\/#website\"},\"primaryImageOfPage\":{\"@id\":\"https:\\\/\\\/herbasimple.com\\\/blog\\\/#primaryimage\"},\"image\":{\"@id\":\"https:\\\/\\\/herbasimple.com\\\/blog\\\/#primaryimage\"},\"thumbnailUrl\":\"https:\\\/\\\/i0.wp.com\\\/herbasimple.com\\\/blog\\\/wp-content\\\/uploads\\\/2023\\\/08\\\/cropped-Herbasimple_333x250.png?fit=1000%2C747&ssl=1\",\"datePublished\":\"2023-08-30T19:37:16+00:00\",\"dateModified\":\"2024-12-10T14:24:32+00:00\",\"description\":\"Page d'accueil HerbaSimple, pour d\u00e9couvrir les secrets des plantes m\u00e9dicinales et les utiliser \u00e0 leur plein potentiel.\",\"breadcrumb\":{\"@id\":\"https:\\\/\\\/herbasimple.com\\\/blog\\\/#breadcrumb\"},\"inLanguage\":\"fr-FR\",\"potentialAction\":[{\"@type\":\"ReadAction\",\"target\":[\"https:\\\/\\\/herbasimple.com\\\/blog\\\/\"]}]},{\"@type\":\"ImageObject\",\"inLanguage\":\"fr-FR\",\"@id\":\"https:\\\/\\\/herbasimple.com\\\/blog\\\/#primaryimage\",\"url\":\"https:\\\/\\\/i0.wp.com\\\/herbasimple.com\\\/blog\\\/wp-content\\\/uploads\\\/2023\\\/08\\\/cropped-Herbasimple_333x250.png?fit=1000%2C747&ssl=1\",\"contentUrl\":\"https:\\\/\\\/i0.wp.com\\\/herbasimple.com\\\/blog\\\/wp-content\\\/uploads\\\/2023\\\/08\\\/cropped-Herbasimple_333x250.png?fit=1000%2C747&ssl=1\",\"width\":1000,\"height\":747},{\"@type\":\"BreadcrumbList\",\"@id\":\"https:\\\/\\\/herbasimple.com\\\/blog\\\/#breadcrumb\",\"itemListElement\":[{\"@type\":\"ListItem\",\"position\":1,\"name\":\"Accueil\",\"item\":\"https:\\\/\\\/herbasimple.com\\\/blog\\\/\"},{\"@type\":\"ListItem\",\"position\":2,\"name\":\"Accueil\"}]},{\"@type\":\"WebSite\",\"@id\":\"https:\\\/\\\/herbasimple.com\\\/blog\\\/#website\",\"url\":\"https:\\\/\\\/herbasimple.com\\\/blog\\\/\",\"name\":\"Herbasimple\",\"description\":\"D\u00e9couvrez les secrets des plantes m\u00e9dicinales pour les utiliser \u00e0 leur plein potentiel!\",\"publisher\":{\"@id\":\"https:\\\/\\\/herbasimple.com\\\/blog\\\/#organization\"},\"potentialAction\":[{\"@type\":\"SearchAction\",\"target\":{\"@type\":\"EntryPoint\",\"urlTemplate\":\"https:\\\/\\\/herbasimple.com\\\/blog\\\/?s={search_term_string}\"},\"query-input\":{\"@type\":\"PropertyValueSpecification\",\"valueRequired\":true,\"valueName\":\"search_term_string\"}}],\"inLanguage\":\"fr-FR\"},{\"@type\":\"Organization\",\"@id\":\"https:\\\/\\\/herbasimple.com\\\/blog\\\/#organization\",\"name\":\"HerbaSimple\",\"url\":\"https:\\\/\\\/herbasimple.com\\\/blog\\\/\",\"logo\":{\"@type\":\"ImageObject\",\"inLanguage\":\"fr-FR\",\"@id\":\"https:\\\/\\\/herbasimple.com\\\/blog\\\/#\\\/schema\\\/logo\\\/image\\\/\",\"url\":\"https:\\\/\\\/i0.wp.com\\\/herbasimple.com\\\/blog\\\/wp-content\\\/uploads\\\/2023\\\/07\\\/logo-HerbaSimple-350pi.jpg?fit=354%2C350&ssl=1\",\"contentUrl\":\"https:\\\/\\\/i0.wp.com\\\/herbasimple.com\\\/blog\\\/wp-content\\\/uploads\\\/2023\\\/07\\\/logo-HerbaSimple-350pi.jpg?fit=354%2C350&ssl=1\",\"width\":354,\"height\":350,\"caption\":\"HerbaSimple\"},\"image\":{\"@id\":\"https:\\\/\\\/herbasimple.com\\\/blog\\\/#\\\/schema\\\/logo\\\/image\\\/\"},\"sameAs\":[\"https:\\\/\\\/www.facebook.com\\\/HerbaSimple\\\/\",\"https:\\\/\\\/www.instagram.com\\\/melherbasimple\\\/\",\"https:\\\/\\\/www.youtube.com\\\/@herbasimple\",\"https:\\\/\\\/www.linkedin.com\\\/in\\\/melaniericardquirion\\\/\"]}]}<\/script>\n<!-- \/ Yoast SEO plugin. -->","yoast_head_json":{"title":"Accueil - Herbasimple","description":"Page d'accueil HerbaSimple, pour d\u00e9couvrir les secrets des plantes m\u00e9dicinales et les utiliser \u00e0 leur plein potentiel.","robots":{"index":"index","follow":"follow","max-snippet":"max-snippet:-1","max-image-preview":"max-image-preview:large","max-video-preview":"max-video-preview:-1"},"canonical":"https:\/\/herbasimple.com\/blog\/","og_locale":"fr_FR","og_type":"article","og_title":"Accueil - Herbasimple","og_description":"Page d'accueil HerbaSimple, pour d\u00e9couvrir les secrets des plantes m\u00e9dicinales et les utiliser \u00e0 leur plein potentiel.","og_url":"https:\/\/herbasimple.com\/blog\/","og_site_name":"Herbasimple","article_publisher":"https:\/\/www.facebook.com\/HerbaSimple\/","article_modified_time":"2024-12-10T14:24:32+00:00","og_image":[{"width":1000,"height":747,"url":"https:\/\/herbasimple.com\/blog\/wp-content\/uploads\/2023\/08\/cropped-Herbasimple_333x250.png","type":"image\/png"}],"twitter_card":"summary_large_image","schema":{"@context":"https:\/\/schema.org","@graph":[{"@type":"WebPage","@id":"https:\/\/herbasimple.com\/blog\/","url":"https:\/\/herbasimple.com\/blog\/","name":"Accueil - Herbasimple","isPartOf":{"@id":"https:\/\/herbasimple.com\/blog\/#website"},"primaryImageOfPage":{"@id":"https:\/\/herbasimple.com\/blog\/#primaryimage"},"image":{"@id":"https:\/\/herbasimple.com\/blog\/#primaryimage"},"thumbnailUrl":"https:\/\/i0.wp.com\/herbasimple.com\/blog\/wp-content\/uploads\/2023\/08\/cropped-Herbasimple_333x250.png?fit=1000%2C747&ssl=1","datePublished":"2023-08-30T19:37:16+00:00","dateModified":"2024-12-10T14:24:32+00:00","description":"Page d'accueil HerbaSimple, pour d\u00e9couvrir les secrets des plantes m\u00e9dicinales et les utiliser \u00e0 leur plein potentiel.","breadcrumb":{"@id":"https:\/\/herbasimple.com\/blog\/#breadcrumb"},"inLanguage":"fr-FR","potentialAction":[{"@type":"ReadAction","target":["https:\/\/herbasimple.com\/blog\/"]}]},{"@type":"ImageObject","inLanguage":"fr-FR","@id":"https:\/\/herbasimple.com\/blog\/#primaryimage","url":"https:\/\/i0.wp.com\/herbasimple.com\/blog\/wp-content\/uploads\/2023\/08\/cropped-Herbasimple_333x250.png?fit=1000%2C747&ssl=1","contentUrl":"https:\/\/i0.wp.com\/herbasimple.com\/blog\/wp-content\/uploads\/2023\/08\/cropped-Herbasimple_333x250.png?fit=1000%2C747&ssl=1","width":1000,"height":747},{"@type":"BreadcrumbList","@id":"https:\/\/herbasimple.com\/blog\/#breadcrumb","itemListElement":[{"@type":"ListItem","position":1,"name":"Accueil","item":"https:\/\/herbasimple.com\/blog\/"},{"@type":"ListItem","position":2,"name":"Accueil"}]},{"@type":"WebSite","@id":"https:\/\/herbasimple.com\/blog\/#website","url":"https:\/\/herbasimple.com\/blog\/","name":"Herbasimple","description":"D\u00e9couvrez les secrets des plantes m\u00e9dicinales pour les utiliser \u00e0 leur plein potentiel!","publisher":{"@id":"https:\/\/herbasimple.com\/blog\/#organization"},"potentialAction":[{"@type":"SearchAction","target":{"@type":"EntryPoint","urlTemplate":"https:\/\/herbasimple.com\/blog\/?s={search_term_string}"},"query-input":{"@type":"PropertyValueSpecification","valueRequired":true,"valueName":"search_term_string"}}],"inLanguage":"fr-FR"},{"@type":"Organization","@id":"https:\/\/herbasimple.com\/blog\/#organization","name":"HerbaSimple","url":"https:\/\/herbasimple.com\/blog\/","logo":{"@type":"ImageObject","inLanguage":"fr-FR","@id":"https:\/\/herbasimple.com\/blog\/#\/schema\/logo\/image\/","url":"https:\/\/i0.wp.com\/herbasimple.com\/blog\/wp-content\/uploads\/2023\/07\/logo-HerbaSimple-350pi.jpg?fit=354%2C350&ssl=1","contentUrl":"https:\/\/i0.wp.com\/herbasimple.com\/blog\/wp-content\/uploads\/2023\/07\/logo-HerbaSimple-350pi.jpg?fit=354%2C350&ssl=1","width":354,"height":350,"caption":"HerbaSimple"},"image":{"@id":"https:\/\/herbasimple.com\/blog\/#\/schema\/logo\/image\/"},"sameAs":["https:\/\/www.facebook.com\/HerbaSimple\/","https:\/\/www.instagram.com\/melherbasimple\/","https:\/\/www.youtube.com\/@herbasimple","https:\/\/www.linkedin.com\/in\/melaniericardquirion\/"]}]}},"uagb_featured_image_src":{"full":["https:\/\/i0.wp.com\/herbasimple.com\/blog\/wp-content\/uploads\/2023\/08\/cropped-Herbasimple_333x250.png?fit=1000%2C747&ssl=1",1000,747,false],"thumbnail":["https:\/\/i0.wp.com\/herbasimple.com\/blog\/wp-content\/uploads\/2023\/08\/cropped-Herbasimple_333x250.png?resize=150%2C150&ssl=1",150,150,true],"medium":["https:\/\/i0.wp.com\/herbasimple.com\/blog\/wp-content\/uploads\/2023\/08\/cropped-Herbasimple_333x250.png?fit=300%2C224&ssl=1",300,224,true],"medium_large":["https:\/\/i0.wp.com\/herbasimple.com\/blog\/wp-content\/uploads\/2023\/08\/cropped-Herbasimple_333x250.png?fit=640%2C478&ssl=1",640,478,true],"large":["https:\/\/i0.wp.com\/herbasimple.com\/blog\/wp-content\/uploads\/2023\/08\/cropped-Herbasimple_333x250.png?fit=640%2C478&ssl=1",640,478,true],"1536x1536":["https:\/\/i0.wp.com\/herbasimple.com\/blog\/wp-content\/uploads\/2023\/08\/cropped-Herbasimple_333x250.png?fit=1000%2C747&ssl=1",1000,747,true],"2048x2048":["https:\/\/i0.wp.com\/herbasimple.com\/blog\/wp-content\/uploads\/2023\/08\/cropped-Herbasimple_333x250.png?fit=1000%2C747&ssl=1",1000,747,true]},"uagb_author_info":{"display_name":"M\u00e9lanie Ricard-Quirion","author_link":"https:\/\/herbasimple.com\/blog\/author\/admin-2\/"},"uagb_comment_info":0,"uagb_excerpt":null,"jetpack_sharing_enabled":true,"jetpack_likes_enabled":true,"jetpack-related-posts":[{"id":1510,"url":"https:\/\/herbasimple.com\/blog\/oups-cette-page-nexiste-pas\/","url_meta":{"origin":1155,"position":0},"title":"Oups ! Cette page n&rsquo;existe pas&#8230;","author":"M\u00e9lanie Ricard-Quirion","date":false,"format":false,"excerpt":"Vous \u00eates en terrain inconnu...pour retourner \u00e0 l'accueil, c'est par ici !","rel":"","context":"Article similaire","block_context":{"text":"Article similaire","link":""},"img":{"alt_text":"","src":"https:\/\/i0.wp.com\/herbasimple.com\/blog\/wp-content\/uploads\/2023\/11\/Page-erreur-404-oups.jpg?resize=350%2C200&ssl=1","width":350,"height":200,"srcset":"https:\/\/i0.wp.com\/herbasimple.com\/blog\/wp-content\/uploads\/2023\/11\/Page-erreur-404-oups.jpg?resize=350%2C200&ssl=1 1x, https:\/\/i0.wp.com\/herbasimple.com\/blog\/wp-content\/uploads\/2023\/11\/Page-erreur-404-oups.jpg?resize=525%2C300&ssl=1 1.5x, https:\/\/i0.wp.com\/herbasimple.com\/blog\/wp-content\/uploads\/2023\/11\/Page-erreur-404-oups.jpg?resize=700%2C400&ssl=1 2x, https:\/\/i0.wp.com\/herbasimple.com\/blog\/wp-content\/uploads\/2023\/11\/Page-erreur-404-oups.jpg?resize=1050%2C600&ssl=1 3x"},"classes":[]}],"_links":{"self":[{"href":"https:\/\/herbasimple.com\/blog\/wp-json\/wp\/v2\/pages\/1155","targetHints":{"allow":["GET"]}}],"collection":[{"href":"https:\/\/herbasimple.com\/blog\/wp-json\/wp\/v2\/pages"}],"about":[{"href":"https:\/\/herbasimple.com\/blog\/wp-json\/wp\/v2\/types\/page"}],"author":[{"embeddable":true,"href":"https:\/\/herbasimple.com\/blog\/wp-json\/wp\/v2\/users\/2"}],"replies":[{"embeddable":true,"href":"https:\/\/herbasimple.com\/blog\/wp-json\/wp\/v2\/comments?post=1155"}],"version-history":[{"count":4,"href":"https:\/\/herbasimple.com\/blog\/wp-json\/wp\/v2\/pages\/1155\/revisions"}],"predecessor-version":[{"id":2773,"href":"https:\/\/herbasimple.com\/blog\/wp-json\/wp\/v2\/pages\/1155\/revisions\/2773"}],"wp:featuredmedia":[{"embeddable":true,"href":"https:\/\/herbasimple.com\/blog\/wp-json\/wp\/v2\/media\/1095"}],"wp:attachment":[{"href":"https:\/\/herbasimple.com\/blog\/wp-json\/wp\/v2\/media?parent=1155"}],"curies":[{"name":"wp","href":"https:\/\/api.w.org\/{rel}","templated":true}]}}